{"id":878,"date":"2025-02-06T15:14:55","date_gmt":"2025-02-06T14:14:55","guid":{"rendered":"https:\/\/webprodukt.cz\/internetove-prezentacie-webprodukt-cz\/"},"modified":"2025-02-22T17:52:15","modified_gmt":"2025-02-22T16:52:15","slug":"internetove-prezentacie-webprodukt-cz","status":"publish","type":"page","link":"https:\/\/webprodukt.cz\/sk\/","title":{"rendered":"Internetov\u00e9 prezent\u00e1cie Webprodukt.cz"},"content":{"rendered":"\n<div style=\"height:33px\" aria-hidden=\"true\" class=\"wp-block-spacer\"><\/div>\n\n<hr class=\"wp-block-separator has-css-opacity is-style-default\"\/>\n\n<figure class=\"wp-block-image aligncenter size-full is-resized is-style-rounded\"><img loading=\"lazy\" decoding=\"async\" width=\"500\" height=\"522\" src=\"https:\/\/webprodukt.cz\/wp-content\/uploads\/2025\/02\/expert.jpg\" alt=\"\" class=\"wp-image-526\" style=\"width:150px;height:150px\" srcset=\"https:\/\/webprodukt.cz\/wp-content\/uploads\/2025\/02\/expert.jpg 500w, https:\/\/webprodukt.cz\/wp-content\/uploads\/2025\/02\/expert-287x300.jpg 287w\" sizes=\"auto, (max-width: 500px) 100vw, 500px\" \/><\/figure>\n\n<blockquote class=\"wp-block-quote has-text-align-center is-style-large is-layout-flow wp-block-quote-is-layout-flow\">\n<p>&#8220;Kde slov\u00e1 nesta\u010dia&#8221;<\/p>\n<cite>&#8211; Jan, <em>odborn\u00edk<\/em><\/cite><\/blockquote>\n\n<hr class=\"wp-block-separator has-css-opacity is-style-default\"\/>\n\n<div style=\"height:57px\" aria-hidden=\"true\" class=\"wp-block-spacer\"><\/div>\n\n<h2 class=\"wp-block-heading has-text-align-center\">Newsletter Webprodukt.cz prin\u00e1\u0161a:<\/h2>\n\n<div class=\"wp-block-group is-layout-flow wp-block-group-is-layout-flow\" style=\"padding-top:30px;padding-right:30px;padding-bottom:30px;padding-left:30px\">\n<div class=\"wp-block-columns is-layout-flex wp-container-core-columns-is-layout-28f84493 wp-block-columns-is-layout-flex\">\n<div class=\"wp-block-column is-layout-flow wp-block-column-is-layout-flow\" style=\"flex-basis:50%\">\n<div class=\"wp-block-query is-layout-flow wp-block-query-is-layout-flow\"><\/div>\n<\/div>\n\n\n\n<div class=\"wp-block-column is-layout-flow wp-block-column-is-layout-flow\" style=\"flex-basis:50%\">\n<div class=\"wp-block-query is-layout-flow wp-block-query-is-layout-flow\"><\/div>\n<\/div>\n<\/div>\n<\/div>\n","protected":false},"excerpt":{"rendered":"<p>&#8220;Kde slov\u00e1 nesta\u010dia&#8221; &#8211; Jan, odborn\u00edk Newsletter Webprodukt.cz prin\u00e1\u0161a:<\/p>\n","protected":false},"author":1,"featured_media":0,"parent":0,"menu_order":0,"comment_status":"closed","ping_status":"closed","template":"","meta":{"footnotes":""},"class_list":["post-878","page","type-page","status-publish","hentry"],"aioseo_notices":[],"_links":{"self":[{"href":"https:\/\/webprodukt.cz\/sk\/wp-json\/wp\/v2\/pages\/878","targetHints":{"allow":["GET"]}}],"collection":[{"href":"https:\/\/webprodukt.cz\/sk\/wp-json\/wp\/v2\/pages"}],"about":[{"href":"https:\/\/webprodukt.cz\/sk\/wp-json\/wp\/v2\/types\/page"}],"author":[{"embeddable":true,"href":"https:\/\/webprodukt.cz\/sk\/wp-json\/wp\/v2\/users\/1"}],"replies":[{"embeddable":true,"href":"https:\/\/webprodukt.cz\/sk\/wp-json\/wp\/v2\/comments?post=878"}],"version-history":[{"count":1,"href":"https:\/\/webprodukt.cz\/sk\/wp-json\/wp\/v2\/pages\/878\/revisions"}],"predecessor-version":[{"id":883,"href":"https:\/\/webprodukt.cz\/sk\/wp-json\/wp\/v2\/pages\/878\/revisions\/883"}],"wp:attachment":[{"href":"https:\/\/webprodukt.cz\/sk\/wp-json\/wp\/v2\/media?parent=878"}],"curies":[{"name":"wp","href":"https:\/\/api.w.org\/{rel}","templated":true}]}}